{"id":27,"date":"2018-01-24T08:28:51","date_gmt":"2018-01-24T08:28:51","guid":{"rendered":"http:\/\/www.octel.fr\/wp\/mesmerize\/"},"modified":"2025-01-13T01:39:05","modified_gmt":"2025-01-13T01:39:05","slug":"mesmerize","status":"publish","type":"page","link":"https:\/\/www.octel.fr\/wp\/","title":{"rendered":"Page d&rsquo;accueil"},"content":{"rendered":"<div id=\"about-1\" class=\"about-1 content-section content-section-spacing\" style=\"background-color: #e6d5c3; background-image: none;\" data-label=\"About\" data-id=\"about-1\" data-export-id=\"about-1\" data-category=\"about\">\r\n<div class=\"gridContainer\">\r\n<div class=\"row text-center\">\r\n<div class=\"section-title-col\" data-type=\"column\">\r\n<h5 class=\"\">PR\u00c9SENTATION DE L\u2019\u00c9TABLISSEMENT<\/h5>\r\n<h2 style=\"color: #cb9203;\" class=\"\">L\u2019H\u00f4tel et R\u00e9sidence OCTEL \u2605\u2605\u2605 est un \u00e9tablissement trois \u00e9toiles ind\u00e9pendant<\/h2>\r\n<p style=\"color: #000;\" class=\"lead\">Notre \u00e9quipe vous accueille tout au long de l\u2019ann\u00e9e, que vous recherchiez un court ou un long s\u00e9jour.<\/p>\r\n<p style=\"color: #cb9203;\" class=\"lead\">L\u2019Octel est la solution astucieuse.<\/p>\r\n<p style=\"color: #000;\" class=\"lead\">Selon vos besoins, vous pourrez choisir entre nos 28 chambres et nos 32 studios enti\u00e8rement \u00e9quip\u00e9s. Nous trouverons toujours une solution adapt\u00e9e \u00e0 vos besoins.<\/p>\r\n\r\n<\/div>\r\n<\/div>\r\n<div class=\"row\">\r\n<div class=\"col-xs bottom-xs flexbox image-group-bottom-3-img space-bottom-xs center-xs\"><img decoding=\"async\" class=\"left-img shadow-large-black\" src=\"https:\/\/www.octel.fr\/wp\/wp-content\/uploads\/2018\/01\/cropped-test1-2.png\" data-size=\"500x300\" \/> <img decoding=\"async\" class=\"center-img shadow-large-black\" src=\"https:\/\/www.octel.fr\/wp\/wp-content\/uploads\/2018\/01\/slider-1_slide00004.jpg\" data-size=\"500x300\" \/> <img decoding=\"async\" class=\"right-img shadow-large-black\" src=\"https:\/\/www.octel.fr\/wp\/wp-content\/uploads\/2018\/02\/cropped-chambre2site-1.png\" data-size=\"500x300\" \/><\/div>\r\n<\/div>\r\n<\/div>\r\n<\/div>\r\n<span id=\"more-27\"><\/span>\r\n<div id=\"overlappable-4\" class=\"overlappable-4 content-section content-section-spacing\" style=\"background-color: #ffe8fb; background-image: none;\" data-label=\"Overlappable\" data-id=\"overlappable-4\" data-export-id=\"overlappable-4\" data-category=\"overlappable\" data-overlap=\"true\">\r\n<div class=\"gridContainer\">\r\n<div class=\"row spaced-cols text-center content-center-sm\" data-type=\"row\">\r\n<div class=\"col-xs-12 col-sm-4 col-padding col-md-3 \">\r\n<div class=\"\" data-type=\"column\">\r\n<h5 style=\"color: #cb9203;\" class=\"\">R\u00c9CEPTION 24h\/24 7j\/7<\/h5>\r\n<\/div>\r\n<\/div>\r\n<div class=\"col-xs-12 col-sm-4 col-padding col-md-3 \">\r\n<div class=\"\" data-type=\"column\">\r\n<h5 style=\"color: #cb9203;\" class=\"\">PETIT-D\u00c9JEUNER<\/h5>\r\n<\/div>\r\n<\/div>\r\n<div class=\"col-xs-12 col-sm-4 col-padding col-md-3 \">\r\n<div class=\"\" data-type=\"column\">\r\n<h5 style=\"color: #cb9203;\" class=\"\">T\u00c9L\u00c9VISEUR HD CANAL+<\/h5>\r\n<\/div>\r\n<\/div>\r\n<div class=\"col-xs-12 col-sm-4 col-padding col-md-3 \">\r\n<div class=\"\" data-type=\"column\">\r\n<h5 style=\"color: #cb9203;\" class=\"\">TERRASSE<\/h5>\r\n<\/div>\r\n<\/div>\r\n<div class=\"col-xs-12 col-sm-4 col-padding col-md-3 \">\r\n<div class=\"\" data-type=\"column\">\r\n<h5 style=\"color: #cb9203;\" class=\"\">WIFI GRATUIT<\/h5>\r\n<\/div>\r\n<\/div>\r\n<div class=\"col-xs-12 col-sm-4 col-padding col-md-3 \">\r\n<div class=\"\" data-type=\"column\">\r\n<h5 style=\"color: #cb9203;\" class=\"\">PARKING GRATUIT ET FERM\u00c9<\/h5>\r\n<\/div>\r\n<\/div>\r\n<div class=\"col-xs-12 col-sm-4 col-padding col-md-3\">\r\n<div class=\"\" data-type=\"column\">\r\n<h5 style=\"color: #cb9203;\" class=\"\">CLIMATISATION CHAUFFAGE<\/h5>\r\n<\/div>\r\n<\/div>\r\n<div class=\"col-xs-12 col-sm-4 col-padding col-md-3\">\r\n<div class=\"\" data-type=\"column\">\r\n<h5 style=\"color: #cb9203;\" class=\"\">COFFRE FORT INDIVIDUEL<\/h5>\r\n<\/div>\r\n<\/div>\r\n<\/div>\r\n<\/div>\r\n<\/div>\r\n<div id=\"portfolio-4\" class=\"portfolio-5 content-section content-section-spacing\" style=\"background-color: #e6d5c3;\" data-label=\"Portfolio\" data-id=\"portfolio-5\" data-export-id=\"portfolio-5\" data-category=\"portfolio\">\r\n<div class=\"gridContainer\">\r\n<div class=\"row text-center\">\r\n<div class=\"section-title-col\" data-type=\"column\">\r\n<h2 style=\"color: #cb9203;\" class=\"\">Nos services<\/h2>\r\n<\/div>\r\n<\/div>\r\n<div class=\"row space-bottom spaced-cols\" data-type=\"row\">\r\n<div class=\"col-xs-12 col-sm-4 text-center\">\r\n<div class=\"card no-padding bordered\">\r\n<div class=\"contentswap-effect\" data-hover-fx=\"portfolio-6\">\r\n<div class=\"initial-image\"><img decoding=\"async\" class=\"\" src=\"https:\/\/www.octel.fr\/wp\/wp-content\/uploads\/2018\/01\/cropped-test1-4.png\" data-size=\"500x500\" \/><\/div>\r\n<div class=\"overlay bg-color6\"><\/div>\r\n<div class=\"swap-inner col-xs-12\">\r\n<div class=\"row full-height-row middle-xs middle-sm\">\r\n<div class=\"col-xs-12 text-center content-holder\"><a class=\"button small color2\" href=\"https:\/\/www.octel.fr\/wp\/studios\" target=\"_self\" rel=\"noopener noreferrer\" data-cp-link=\"1\">En savoir plus<\/a><\/div>\r\n<\/div>\r\n<\/div>\r\n<\/div>\r\n<div class=\"col-xs-12\">\r\n<div class=\"space-bottom space-top\" data-type=\"column\">\r\n<h4 style=\"color: #cb9203;\" class=\"\">Nos studios<\/h4>\r\n<h1 class=\"\">109\u20ac \/ nuit<\/h1>\r\n<p style=\"background-color: #ffe8fb;\" class=\"\">Studio de 25m\u00b2, non fumeur. Ils disposent d\u2019une cuisine \u00e9quip\u00e9e, plaque \u00e9lectrique, micro-ondes, vaisselle, grille-pain, frigidaire.\r\nTous nos studios disposent d\u2019un espace bureau, plateau de courtoisie, s\u00e8che-cheveux, coffre-fort individuel et d\u2019une t\u00e9l\u00e9vision HD (Canal +, 40 cha\u00eenes). La solution id\u00e9ale pour un long s\u00e9jour.<\/p>\r\n<p style=\"text-align: center;\" class=\"\"><a class=\"button blue\" href=\"https:\/\/www.octel.fr\/wp\/reservation\" target=\"_self\" rel=\"noopener noreferrer\" data-cp-link=\"1\">R\u00c9SERVER<\/a><\/p>\r\n\r\n<\/div>\r\n<\/div>\r\n<\/div>\r\n<\/div>\r\n<div class=\"col-xs-12 col-sm-4 text-center\">\r\n<div class=\"card no-padding bordered\">\r\n<div class=\"contentswap-effect\" data-hover-fx=\"portfolio-6\">\r\n<div class=\"initial-image\"><img decoding=\"async\" class=\"\" src=\"https:\/\/www.octel.fr\/wp\/wp-content\/uploads\/2018\/02\/cropped-sem2.png\" data-size=\"500x500\" \/><\/div>\r\n<div class=\"overlay bg-color6\"><\/div>\r\n<div class=\"swap-inner col-xs-12\">\r\n<div class=\"row full-height-row middle-xs middle-sm\">\r\n<div class=\"col-xs-12 text-center content-holder\"><a class=\"button small color2\" href=\"https:\/\/www.octel.fr\/wp\/seminaires\" target=\"_self\" rel=\"noopener noreferrer\" data-cp-link=\"1\">En savoir plus<\/a><\/div>\r\n<\/div>\r\n<\/div>\r\n<\/div>\r\n<div class=\"col-xs-12\">\r\n<div class=\"space-bottom space-top\" data-type=\"column\">\r\n<h4 style=\"color: #cb9203;\" class=\"\">Notre salle de s\u00e9minaire<\/h4>\r\n<h1 class=\"\">\u00c0 partir de 150\u20ac<\/h1>\r\n<p style=\"background-color: #ffe8fb;\" color:=\"\" 000=\"\" class=\"\">Une salle de 50m\u00b2 en rez-de-chauss\u00e9e avec une capacit\u00e9 d\u2019accueil de 15 personnes maximum.\r\nPour vos r\u00e9unions, nous vous accueillons tout au long de l\u2019ann\u00e9e avec un large choix de formules de location.<\/p>\r\n<p style=\"text-align: center;\" class=\"\"><a class=\"button blue\" href=\"https:\/\/www.octel.fr\/wp\/contact\" target=\"_self\" rel=\"noopener noreferrer\" data-cp-link=\"1\">CONTACTEZ-NOUS<\/a><\/p>\r\n\r\n<\/div>\r\n<\/div>\r\n<\/div>\r\n<\/div>\r\n<div class=\"col-xs-12 col-sm-4 text-center\">\r\n<div class=\"card no-padding bordered\">\r\n<div class=\"contentswap-effect\" data-hover-fx=\"portfolio-6\">\r\n<div class=\"initial-image\"><img decoding=\"async\" class=\"\" src=\"https:\/\/www.octel.fr\/wp\/wp-content\/uploads\/2018\/02\/cropped-chambre2site-1-1.png\" data-size=\"500x500\" \/><\/div>\r\n<div class=\"overlay bg-color6\"><\/div>\r\n<div class=\"swap-inner col-xs-12\">\r\n<div class=\"row full-height-row middle-xs middle-sm\">\r\n<div class=\"col-xs-12 text-center content-holder\"><a class=\"button small color2\" href=\"https:\/\/www.octel.fr\/wp\/chambres\" target=\"_self\" rel=\"noopener noreferrer\" data-cp-link=\"1\">En savoir plus<\/a><\/div>\r\n<\/div>\r\n<\/div>\r\n<\/div>\r\n<div class=\"col-xs-12\">\r\n<div class=\"space-bottom space-top\" data-type=\"column\">\r\n<h4 style=\"color: #cb9203;\" class=\"\">Nos chambres<\/h4>\r\n<h1 class=\"\">109\u20ac \/ nuit<\/h1>\r\n<p style=\"background-color: #ffe8fb;\" class=\"\">Chambre grand confort, spacieuse de 25m\u00b2, non-fumeur.\r\nToutes nos chambres disposent d\u2019un lit King size (180\u00d7200), d\u2019un espace bureau, plateau de courtoisie, s\u00e8che-cheveux, coffre-fort individuel et d\u2019un t\u00e9l\u00e9viseur HD (Canal +, 40 cha\u00eenes).<\/p>\r\n<p style=\"text-align: center;\" class=\"\"><a class=\"button blue\" href=\"https:\/\/www.octel.fr\/wp\/reservation\" target=\"_self\" rel=\"noopener noreferrer\" data-cp-link=\"1\">R\u00c9SERVER<\/a><\/p>\r\n\r\n<\/div>\r\n<\/div>\r\n<\/div>\r\n<\/div>\r\n<\/div>\r\n<div class=\"row\">\r\n<div class=\"col-xs-12 text-center\" data-type=\"column\"><\/div>\r\n<\/div>\r\n<\/div>\r\n<\/div>\r\n<div id=\"about-2\" class=\"about-10 content-section content-section-spacing\" style=\"background-color: #ffe8fb; background-image: none;\" data-label=\"About\" data-id=\"about-10\" data-export-id=\"about-10\" data-category=\"about\">\r\n<div class=\"gridContainer\">\r\n<div class=\"row middle-sm text-center\">\r\n<div class=\"col-sm-5 space-bottom-xs content-column content-center-sm\" data-type=\"column\">\r\n<h2 style=\"color: #cb9203;\" class=\"\">Restauration<\/h2>\r\n<h4 style=\"color: #cb9203;\" class=\"\">L\u2019H\u00f4tel &amp; R\u00e9sidence OCTEL vous propose des formules adapt\u00e9es \u00e0 vos soir\u00e9es \u00e9tapes ou tout simplement pour vos petites faims.<\/h4>\r\n<p class=\"\">Vous pourrez profiter de votre repas en chambre ou bien dans notre salle de restauration.<\/p>\r\n<p class=\"\">Nous proposons des entr\u00e9es, plats et desserts ainsi qu\u2019une gamme de salades faites maison avec des produits frais.<\/p>\r\n<p class=\"\">En partenariat avec des restaurants ext\u00e9rieurs, nous nous occupons de vos pauses et repas lors de vos journ\u00e9es d\u2019\u00e9tude et s\u00e9minaires.<\/p>\r\n<p class=\"lead\">Notre carte, r\u00e9guli\u00e8rement renouvel\u00e9e, est disponible \u00e0 la r\u00e9ception et notre personnel se tient \u00e0 disposition pour toute demande.<\/p>\r\n\r\n<\/div>\r\n<div class=\"col-sm-7 flexbox middle-xs center-xs\">\r\n<div class=\"overlay-box middle-xs center-xs flexbox\">\r\n<div class=\"overlay-box-offset shadow-medium border-color1 hide-xs offset-border\"><\/div>\r\n<img decoding=\"async\" class=\"shadow-large\" src=\"https:\/\/www.octel.fr\/wp\/wp-content\/uploads\/2018\/01\/cropped-slider-2_slide44413-2.jpg\" data-size=\"500x500\" \/>\r\n\r\n<\/div>\r\n<\/div>\r\n<\/div>\r\n<\/div>\r\n<\/div>\r\n<div id=\"content-13\" class=\"content-2 content-section content-section-spacing\" style=\"background-color: #e6d5c3;\" data-label=\"Content\" data-id=\"content-2\" data-export-id=\"content-2\" data-category=\"content\">\r\n<div class=\"row middle-xs\">\r\n<div class=\"col-sm-5 bg-image shadow-large-black\" style=\"background-image: url('https:\/\/www.octel.fr\/wp\/wp-content\/uploads\/2018\/01\/cropped-slider-1_slide000004-1.jpg');\" data-bg=\"image\"><\/div>\r\n<div class=\"col-sm-7 full-col-left-padding full-col-right-padding\">\r\n<div class=\"row\">\r\n<div class=\"space-bottom-small content-title-col\" data-type=\"column\">\r\n<h2 style=\"color: #cb9203;\" class=\"\">Services suppl\u00e9mentaires<\/h2>\r\n<p class=\"\">L\u2019H\u00f4tel &amp; R\u00e9sidence OCTEL vous propose de nombreux services \u00e0 votre disposition tout au long de votre s\u00e9jour.<\/p>\r\n\r\n<\/div>\r\n<\/div>\r\n<div class=\"row spaced-cols \" data-type=\"row\">\r\n<div class=\"col-xs-6\" data-type=\"column\">\r\n<h6 style=\"color: #cb9203;\" class=\"\">-Animaux accept\u00e9s<\/h6>\r\n<h6 style=\"color: #cb9203;\" class=\"\">-Parking gratuit et priv\u00e9<\/h6>\r\n<h6 style=\"color: #cb9203;\" class=\"\">-Partenariat avec la Cit\u00e9 de l\u2019Espace*<\/h6>\r\n<p class=\"\">*sur r\u00e9servation et sous r\u00e9serve de disponibilit\u00e9s<\/p>\r\n\r\n<\/div>\r\n<div class=\"col-xs-6\" data-type=\"column\">\r\n<h6 style=\"color: #cb9203;\" class=\"\">-Billard<\/h6>\r\n<h6 style=\"color: #cb9203;\" class=\"\">-Biblioth\u00e8que<\/h6>\r\n<h6 style=\"color: #cb9203;\" class=\"\">-Pressing et laverie*<\/h6>\r\n<h6 style=\"color: #cb9203;\" class=\"\">-Room service 24h\/24 7j\/7<\/h6>\r\n<p class=\"\">*en suppl\u00e9ment<\/p>\r\n\r\n<\/div>\r\n<\/div>\r\n<\/div>\r\n<\/div>\r\n<\/div>\r\n<div id=\"portfolio-3\" class=\"portfolio-4 content-section content-section-spacing-top\" style=\"background-color: #ffe8fb; background-image: none;\" data-label=\"Portfolio\" data-id=\"portfolio-4\" data-export-id=\"portfolio-4\" data-category=\"portfolio\">\r\n<div class=\"\">\r\n<div class=\"row text-center\">\r\n<div class=\"section-title-col\" data-type=\"column\"><\/div>\r\n<\/div>\r\n<div class=\"row\" data-type=\"row\">\r\n<div class=\"col-xs-12 col-sm-3 no-gutter-col\">\r\n<div class=\"contentswap-effect\" data-hover-fx=\"portfolio-4\">\r\n<div class=\"initial-image\"><img decoding=\"async\" class=\"\" src=\"https:\/\/www.octel.fr\/wp\/wp-content\/uploads\/2018\/02\/13661983_1057704097598782_7679783964320686038_o.jpg\" data-size=\"542x360\" \/><\/div>\r\n<div class=\"overlay bg-color1\"><\/div>\r\n<div class=\"swap-inner col-xs-12\">\r\n<div class=\"row full-height-row middle-xs middle-sm\">\r\n<div class=\"col-xs-12 text-center content-holder\"><\/div>\r\n<\/div>\r\n<\/div>\r\n<\/div>\r\n<\/div>\r\n<div class=\"col-xs-12 col-sm-3 no-gutter-col\">\r\n<div class=\"contentswap-effect\" data-hover-fx=\"portfolio-4\">\r\n<div class=\"initial-image\"><img decoding=\"async\" class=\"\" src=\"https:\/\/www.octel.fr\/wp\/wp-content\/uploads\/2018\/02\/cropped-stationnement-et-parking-en-copropriete-1255-1200-630.jpg\" data-size=\"542x360\" \/><\/div>\r\n<div class=\"overlay bg-color1\"><\/div>\r\n<div class=\"swap-inner col-xs-12\">\r\n<div class=\"row full-height-row middle-xs middle-sm\">\r\n<div class=\"col-xs-12 text-center content-holder\"><\/div>\r\n<\/div>\r\n<\/div>\r\n<\/div>\r\n<\/div>\r\n<div class=\"col-xs-12 col-sm-3 no-gutter-col\">\r\n<div class=\"contentswap-effect\" data-hover-fx=\"portfolio-4\">\r\n<div class=\"initial-image\"><img decoding=\"async\" class=\"\" src=\"https:\/\/www.octel.fr\/wp\/wp-content\/uploads\/2018\/02\/slider-2_slide22213.jpg\" data-size=\"542x360\" \/><\/div>\r\n<div class=\"overlay bg-color1\"><\/div>\r\n<div class=\"swap-inner col-xs-12\">\r\n<div class=\"row full-height-row middle-xs middle-sm\">\r\n<div class=\"col-xs-12 text-center content-holder\"><\/div>\r\n<\/div>\r\n<\/div>\r\n<\/div>\r\n<\/div>\r\n<div class=\"col-xs-12 col-sm-3 no-gutter-col\">\r\n<div class=\"contentswap-effect\" data-hover-fx=\"portfolio-4\">\r\n<div class=\"initial-image\"><img decoding=\"async\" class=\"\" src=\"https:\/\/www.octel.fr\/wp\/wp-content\/uploads\/2018\/02\/cropped-slider-1_slide00004.jpg\" data-size=\"542x360\" \/><\/div>\r\n<div class=\"overlay bg-color1\"><\/div>\r\n<div class=\"swap-inner col-xs-12\">\r\n<div class=\"row full-height-row middle-xs middle-sm\">\r\n<div class=\"col-xs-12 text-center content-holder\"><\/div>\r\n<\/div>\r\n<\/div>\r\n<\/div>\r\n<\/div>\r\n<\/div>\r\n<\/div>\r\n<\/div>\r\n<div id=\"testimonials-5\" class=\"testimonials-5 content-section content-section-spacing\" style=\"background-color: #ffe8fb;\" data-label=\"Testimonials\" data-id=\"testimonials-5\" data-export-id=\"testimonials-5\" data-category=\"testimonials\">\r\n<div class=\"gridContainer\">\r\n<div class=\"row\">\r\n<div class=\"section-title-col\" data-type=\"column\">\r\n<h2 style=\"color: #cb9203;\" class=\"\">Ce que nos clients pensent de nous<\/h2>\r\n<\/div>\r\n<\/div>\r\n<div class=\"row spaced-cols content-center-sm\" data-type=\"row\">\r\n<div class=\"col-sm-4\">\r\n<div class=\"card y-move bordered\" data-type=\"column\">\r\n<p style=\"background-color: #e6d5c3;\" class=\"text-center\">J\u2019ai d\u00fb me rendre \u00e0 Portet-sur-Garonne pour aller travailler dans la zone de Thibaud.\r\nMon s\u00e9jour s\u2019est tr\u00e8s bien pass\u00e9, le personnel est aux petits soins et tr\u00e8s disponible pour ses clients.\r\nL\u2019arriv\u00e9e personnalis\u00e9e, on vous accompagne m\u00eame dans votre chambre ce qui est rare de nos jours.\r\nLe petit-d\u00e9jeuner est excellent, surtout la brioche.\r\nExcellent rapport qualit\u00e9 prix pour un H\u00f4tel 3 \u00e9toiles !<\/p>\r\n\r\n<h6 style=\"color: #cb9203;\" class=\"\">Voyage d\u2019affaire<\/h6>\r\n<\/div>\r\n<\/div>\r\n<div class=\"col-sm-4\">\r\n<div class=\"card y-move bordered\" data-type=\"column\">\r\n<p style=\"background-color: #e6d5c3;\" class=\"text-center\">Chambres calmes et spacieuses avec de nombreux rangements. Personnel toujours tr\u00e8s agr\u00e9able et pr\u00eat \u00e0 rendre service. Cet h\u00f4tel est notre point de chute quand nous sommes dans la r\u00e9gion (3 \u00e0 4 s\u00e9jours par an). Rapport qualit\u00e9\/prix imbattable.<\/p>\r\n\r\n<h6 style=\"color: #cb9203;\" class=\"\">Voyage en amoureux<\/h6>\r\n<\/div>\r\n<\/div>\r\n<div class=\"col-sm-4\">\r\n<div class=\"card y-move bordered\" data-type=\"column\">\r\n<p style=\"background-color: #e6d5c3;\" class=\"text-center\">Bon h\u00f4tel, avec un service performant, malgr\u00e9 une r\u00e9servation \u00e0 la derni\u00e8re minute en fin d\u2019apr\u00e8s midi. Ils nous ont trouv\u00e9 une chambre pour 4 avec un lit b\u00e9b\u00e9. Personnels performants et souriants, chambre agr\u00e9able, superbe salle de bain et petit-d\u00e8j copieux (sucr\u00e9 par contre). Emplacement en pleine zone commerciale, on tourne pour y aller mais pas loin de l\u2019autoroute.\r\nBref, tout \u00e7a pour dire que pour faire une pause pour revenir d\u2019Espagne, c\u2019est l\u2019id\u00e9al.<\/p>\r\n\r\n<h6 style=\"color: #cb9203;\" class=\"\">Voyage en famille<\/h6>\r\n<\/div>\r\n<\/div>\r\n<\/div>\r\n<\/div>\r\n<\/div>\r\n<div id=\"contact-1\" class=\"contact-1 content-section content-section-spacing white-text\" style=\"background-image: url('https:\/\/www.octel.fr\/wp\/wp-content\/uploads\/2018\/01\/slider-1_slide03.jpg'); background-size: cover; background-position: center top;\" data-label=\"Contact\" data-id=\"contact-1\" data-export-id=\"contact-1\" data-category=\"contact\" data-parallax-depth=\"20\">\r\n<div class=\"gridContainer\">\r\n<div class=\"row text-center\">\r\n<div class=\"section-title-col\" data-type=\"column\">\r\n<h2 style=\"color: #cb9203;\" class=\"\">Contactez-nous<\/h2>\r\n<\/div>\r\n<\/div>\r\n<div class=\"row text-center\">\r\n<div class=\"col-xs-12 col-sm-8 col-sm-offset-2 contact-form-wrapper inline-info\">\r\n<div class=\"card large-padding\">\r\n<p data-content-shortcode=\"mesmerize_contact_form shortcode=&quot;contact-form-7 id=&amp;amp;quot;195&amp;amp;quot; title=&amp;amp;quot;Formulaire de contact&amp;amp;quot;&quot;\" data-editable=\"true\">\n<div class=\"wpcf7 no-js\" id=\"wpcf7-f195-o1\" lang=\"fr-FR\" dir=\"ltr\" data-wpcf7-id=\"195\">\n<div class=\"screen-reader-response\"><p role=\"status\" aria-live=\"polite\" aria-atomic=\"true\"><\/p> <ul><\/ul><\/div>\n<form action=\"\/wp\/wp-json\/wp\/v2\/pages\/27#wpcf7-f195-o1\" method=\"post\" class=\"wpcf7-form init\" aria-label=\"Contact form\" novalidate=\"novalidate\" data-status=\"init\">\n<fieldset class=\"hidden-fields-container\"><input type=\"hidden\" name=\"_wpcf7\" value=\"195\" \/><input type=\"hidden\" name=\"_wpcf7_version\" value=\"6.1.5\" \/><input type=\"hidden\" name=\"_wpcf7_locale\" value=\"fr_FR\" \/><input type=\"hidden\" name=\"_wpcf7_unit_tag\" value=\"wpcf7-f195-o1\" \/><input type=\"hidden\" name=\"_wpcf7_container_post\" value=\"0\" \/><input type=\"hidden\" name=\"_wpcf7_posted_data_hash\" value=\"\" \/>\n<\/fieldset>\n<p><label> Nom<br \/>\n<span class=\"wpcf7-form-control-wrap\" data-name=\"your-name\"><input size=\"40\" maxlength=\"400\" class=\"wpcf7-form-control wpcf7-text wpcf7-validates-as-required\" aria-required=\"true\" aria-invalid=\"false\" value=\"\" type=\"text\" name=\"your-name\" \/><\/span> <\/label>\n<\/p>\n<p><label> Adresse de messagerie<br \/>\n<span class=\"wpcf7-form-control-wrap\" data-name=\"your-email\"><input size=\"40\" maxlength=\"400\" class=\"wpcf7-form-control wpcf7-email wpcf7-validates-as-required wpcf7-text wpcf7-validates-as-email\" aria-required=\"true\" aria-invalid=\"false\" value=\"\" type=\"email\" name=\"your-email\" \/><\/span> <\/label>\n<\/p>\n<p><label> Objet<br \/>\n<span class=\"wpcf7-form-control-wrap\" data-name=\"your-subject\"><input size=\"40\" maxlength=\"400\" class=\"wpcf7-form-control wpcf7-text\" aria-invalid=\"false\" value=\"\" type=\"text\" name=\"your-subject\" \/><\/span> <\/label>\n<\/p>\n<p><label> Votre message<br \/>\n<span class=\"wpcf7-form-control-wrap\" data-name=\"your-message\"><textarea cols=\"40\" rows=\"10\" maxlength=\"2000\" class=\"wpcf7-form-control wpcf7-textarea\" aria-invalid=\"false\" name=\"your-message\"><\/textarea><\/span> <\/label>\n<\/p>\n<p><input class=\"wpcf7-form-control wpcf7-submit has-spinner\" type=\"submit\" value=\"Envoyer\" \/>\n<\/p><p style=\"display: none !important;\" class=\"akismet-fields-container\" data-prefix=\"_wpcf7_ak_\"><label>&#916;<textarea name=\"_wpcf7_ak_hp_textarea\" cols=\"45\" rows=\"8\" maxlength=\"100\"><\/textarea><\/label><input type=\"hidden\" id=\"ak_js_1\" name=\"_wpcf7_ak_js\" value=\"240\"\/><script type=\"text\/javascript\">\n\/* <![CDATA[ *\/\ndocument.getElementById( \"ak_js_1\" ).setAttribute( \"value\", ( new Date() ).getTime() );\n\/* ]]> *\/\n<\/script>\n<\/p><div class=\"wpcf7-response-output\" aria-hidden=\"true\"><\/div>\n<\/form>\n<\/div>\n\r\n\r\n<\/div>\r\n<\/div>\r\n<\/div>\r\n<\/div>\r\n<\/div>","protected":false},"excerpt":{"rendered":"<p>PR\u00c9SENTATION DE L\u2019\u00c9TABLISSEMENT L\u2019H\u00f4tel et R\u00e9sidence OCTEL \u2605\u2605\u2605 est un \u00e9tablissement trois \u00e9toiles ind\u00e9pendant Notre \u00e9quipe vous accueille tout au long de l\u2019ann\u00e9e, que vous recherchiez un court ou un long s\u00e9jour. L\u2019Octel est la solution astucieuse. Selon vos besoins, vous pourrez choisir entre nos 28 chambres et nos 32 studios enti\u00e8rement \u00e9quip\u00e9s. Nous trouverons&hellip; <br \/> <a class=\"read-more\" href=\"https:\/\/www.octel.fr\/wp\/\">Lire la suite<\/a><\/p>\n","protected":false},"author":1,"featured_media":0,"parent":0,"menu_order":0,"comment_status":"closed","ping_status":"closed","template":"page-templates\/homepage.php","meta":{"_monsterinsights_skip_tracking":false,"_monsterinsights_sitenote_active":false,"_monsterinsights_sitenote_note":"","_monsterinsights_sitenote_category":0,"footnotes":""},"class_list":["post-27","page","type-page","status-publish","hentry"],"_links":{"self":[{"href":"https:\/\/www.octel.fr\/wp\/wp-json\/wp\/v2\/pages\/27","targetHints":{"allow":["GET"]}}],"collection":[{"href":"https:\/\/www.octel.fr\/wp\/wp-json\/wp\/v2\/pages"}],"about":[{"href":"https:\/\/www.octel.fr\/wp\/wp-json\/wp\/v2\/types\/page"}],"author":[{"embeddable":true,"href":"https:\/\/www.octel.fr\/wp\/wp-json\/wp\/v2\/users\/1"}],"replies":[{"embeddable":true,"href":"https:\/\/www.octel.fr\/wp\/wp-json\/wp\/v2\/comments?post=27"}],"version-history":[{"count":176,"href":"https:\/\/www.octel.fr\/wp\/wp-json\/wp\/v2\/pages\/27\/revisions"}],"predecessor-version":[{"id":948,"href":"https:\/\/www.octel.fr\/wp\/wp-json\/wp\/v2\/pages\/27\/revisions\/948"}],"wp:attachment":[{"href":"https:\/\/www.octel.fr\/wp\/wp-json\/wp\/v2\/media?parent=27"}],"curies":[{"name":"wp","href":"https:\/\/api.w.org\/{rel}","templated":true}]}}