{"id":260,"date":"2018-02-01T08:58:03","date_gmt":"2018-02-01T08:58:03","guid":{"rendered":"http:\/\/www.octel.fr\/wp\/?page_id=260"},"modified":"2025-01-13T01:40:32","modified_gmt":"2025-01-13T01:40:32","slug":"chambres","status":"publish","type":"page","link":"https:\/\/www.octel.fr\/wp\/chambres\/","title":{"rendered":"Chambres"},"content":{"rendered":"<h2 style=\"color: #cb9203; text-align: center;\">Pour un s\u00e9jour d\u2019une nuit a plusieurs semaines, l&rsquo;h\u00f4tel vous propose :<\/h2>\n<p style=\"text-align: center;\"><u><em><strong>28 chambres grand confort\u00a0de 25m2 \u00e9quip\u00e9es de :<\/strong><\/em><\/u><\/p>\n<h4 style=\"color: #cb9203; text-align: center;\"><strong>\u2022 Lit King size<\/strong><\/h4>\n<p style=\"color: #cb9203; text-align: center;\"><strong>\u2022 Climatisation-chauffage individuel<\/strong><\/p>\n<p style=\"color: #cb9203; text-align: center;\"><strong>\u2022 Coffre fort privatif<\/strong><\/p>\n<p style=\"color: #cb9203; text-align: center;\"><strong>\u2022 T\u00e9l\u00e9vision \u00e9cran plat de 80cm avec Canal+ et cha\u00eenes internationales<\/strong><\/p>\n<p style=\"color: #cb9203; text-align: center;\"><strong>\u2022 Plateau de courtoisie (bouilloire, the, caf\u00e9 et biscuits)<\/strong><\/p>\n<p style=\"color: #cb9203; text-align: center;\"><strong>\u2022 Salle de bains, baignoire, s\u00e8che-cheveux miroir de beaut\u00e9 et produits d&rsquo;accueil<\/strong><\/p>\n<p style=\"text-align: center;\"><u><strong>Nous proposons \u00e9galement un petit-d\u00e9jeuner complet \u00e0 <strong>13,50\u20ac\/pers.<\/strong> tous les matins <em>\u00e0 partir de 5h30 jusqu\u2019\u00e0 10h00<\/em> en semaine et <em>jusqu\u2019\u00e0 11h00 le week-end<\/em> dans notre salle de restauration.<\/strong><\/u><\/p>\n<p>&nbsp;<\/p>\n\t            <div class=\"image-hover-page-container animatedParent\">\r\n\t                <div class=\"row\">\r\n\t                    \t                        \t                            \t                            \t                        \t                            \t                            \t                        \t                            \t                            \t                        \t                            \t                            \t                        \t                    \t                        \t                            \t                            \t                        \t                            \t                            \t                        \t                            \t                            \t                        \t                            \t                            \t                        \t                    \t                        \t                            \t                                \t                                <div class=\"col-lg-3 col-sm-6\">\r\n\t                                    <div class=\"ih-item circle effect13   top_to_bottom\">\r\n\t                                        <a class=\"taphover\" href=\"#####\">\r\n\t                                            \t                                            <div class=\"img\">\r\n\t                                                <img decoding=\"async\" style=\"height:100%;\" src=\"http:\/\/www.octel.fr\/wp\/wp-content\/uploads\/2018\/02\/essai1-1.png\" alt=\"img\">\r\n\t                                                \t                                            <\/div>\r\n\t                                            \t                                                <div class=\"info\" style=\"height:inherit;\">\r\n\t                                                    <div class=\"info-back\">\r\n\t                                                        <h3 style=\"color:#fff\">\r\n\t                                                        \tT\u00e9l\u00e9vision\t                                                        <\/h3>\r\n\t                                                        <p style=\"color:#ffffff\">\r\n\t                                                            \u00e9cran plat 80 cm\t                                                        <\/p>\r\n\t                                                    <\/div>\r\n\t                                                <\/div>\r\n\t                                            \t                                        <\/a>\r\n\t                                    <\/div>\r\n\t                                <\/div>\r\n\t                            \t                            \t                        \t                            \t                                \t                                <div class=\"col-lg-3 col-sm-6\">\r\n\t                                    <div class=\"ih-item circle effect13   top_to_bottom\">\r\n\t                                        <a class=\"taphover\" href=\"#####\">\r\n\t                                            \t                                            <div class=\"img\">\r\n\t                                                <img decoding=\"async\" style=\"height:100%;\" src=\"http:\/\/www.octel.fr\/wp\/wp-content\/uploads\/2018\/02\/essai2.png\" alt=\"img\">\r\n\t                                                \t                                            <\/div>\r\n\t                                            \t                                                <div class=\"info\" style=\"height:inherit;\">\r\n\t                                                    <div class=\"info-back\">\r\n\t                                                        <h3 style=\"color:#fff\">\r\n\t                                                        \tSalle de bain\t                                                        <\/h3>\r\n\t                                                        <p style=\"color:#ffffff\">\r\n\t                                                            toute \u00e9quip\u00e9e\t                                                        <\/p>\r\n\t                                                    <\/div>\r\n\t                                                <\/div>\r\n\t                                            \t                                        <\/a>\r\n\t                                    <\/div>\r\n\t                                <\/div>\r\n\t                            \t                            \t                        \t                            \t                                \t                                <div class=\"col-lg-3 col-sm-6\">\r\n\t                                    <div class=\"ih-item circle effect13   top_to_bottom\">\r\n\t                                        <a class=\"taphover\" href=\"#####\">\r\n\t                                            \t                                            <div class=\"img\">\r\n\t                                                <img decoding=\"async\" style=\"height:100%;\" src=\"http:\/\/www.octel.fr\/wp\/wp-content\/uploads\/2018\/02\/essai3.png\" alt=\"img\">\r\n\t                                                \t                                            <\/div>\r\n\t                                            \t                                                <div class=\"info\" style=\"height:inherit;\">\r\n\t                                                    <div class=\"info-back\">\r\n\t                                                        <h3 style=\"color:#fff\">\r\n\t                                                        \tChambre\t                                                        <\/h3>\r\n\t                                                        <p style=\"color:#ffffff\">\r\n\t                                                            de 25m2\t                                                        <\/p>\r\n\t                                                    <\/div>\r\n\t                                                <\/div>\r\n\t                                            \t                                        <\/a>\r\n\t                                    <\/div>\r\n\t                                <\/div>\r\n\t                            \t                            \t                        \t                            \t                                \t                                <div class=\"col-lg-3 col-sm-6\">\r\n\t                                    <div class=\"ih-item circle effect13   top_to_bottom\">\r\n\t                                        <a class=\"taphover\" href=\"#####\">\r\n\t                                            \t                                            <div class=\"img\">\r\n\t                                                <img decoding=\"async\" style=\"height:100%;\" src=\"http:\/\/www.octel.fr\/wp\/wp-content\/uploads\/2018\/02\/essai4.png\" alt=\"img\">\r\n\t                                                \t                                            <\/div>\r\n\t                                            \t                                                <div class=\"info\" style=\"height:inherit;\">\r\n\t                                                    <div class=\"info-back\">\r\n\t                                                        <h3 style=\"color:#fff\">\r\n\t                                                        \tDes produits\t                                                        <\/h3>\r\n\t                                                        <p style=\"color:#ffffff\">\r\n\t                                                            \u00e0 disposition \t                                                        <\/p>\r\n\t                                                    <\/div>\r\n\t                                                <\/div>\r\n\t                                            \t                                        <\/a>\r\n\t                                    <\/div>\r\n\t                                <\/div>\r\n\t                            \t                            \t                                <\/div><div class=\"row\">\r\n\t                            \t                        \t                    \t                        \t                            \t                            \t                                <\/div><div class=\"row\">\r\n\t                            \t                        \t                            \t                            \t                                <\/div><div class=\"row\">\r\n\t                            \t                        \t                            \t                            \t                                <\/div><div class=\"row\">\r\n\t                            \t                        \t                            \t                            \t                                <\/div><div class=\"row\">\r\n\t                            \t                        \t                    \t                <\/div>\r\n\t            <\/div>\r\n\t            \n<p style=\"text-align: center;\">\n","protected":false},"excerpt":{"rendered":"<p>Pour un s\u00e9jour d\u2019une nuit a plusieurs semaines, l&rsquo;h\u00f4tel vous propose : 28 chambres grand confort\u00a0de 25m2 \u00e9quip\u00e9es de : \u2022 Lit King size \u2022 Climatisation-chauffage individuel \u2022 Coffre fort privatif \u2022 T\u00e9l\u00e9vision \u00e9cran plat de 80cm avec Canal+ et cha\u00eenes internationales \u2022 Plateau de courtoisie (bouilloire, the, caf\u00e9 et biscuits) \u2022 Salle de bains,&hellip; <br \/> <a class=\"read-more\" href=\"https:\/\/www.octel.fr\/wp\/chambres\/\">Lire la suite<\/a><\/p>\n","protected":false},"author":1,"featured_media":410,"parent":0,"menu_order":2,"comment_status":"closed","ping_status":"closed","template":"","meta":{"_monsterinsights_skip_tracking":false,"_monsterinsights_sitenote_active":false,"_monsterinsights_sitenote_note":"","_monsterinsights_sitenote_category":0,"footnotes":""},"class_list":["post-260","page","type-page","status-publish","has-post-thumbnail","hentry"],"_links":{"self":[{"href":"https:\/\/www.octel.fr\/wp\/wp-json\/wp\/v2\/pages\/260","targetHints":{"allow":["GET"]}}],"collection":[{"href":"https:\/\/www.octel.fr\/wp\/wp-json\/wp\/v2\/pages"}],"about":[{"href":"https:\/\/www.octel.fr\/wp\/wp-json\/wp\/v2\/types\/page"}],"author":[{"embeddable":true,"href":"https:\/\/www.octel.fr\/wp\/wp-json\/wp\/v2\/users\/1"}],"replies":[{"embeddable":true,"href":"https:\/\/www.octel.fr\/wp\/wp-json\/wp\/v2\/comments?post=260"}],"version-history":[{"count":27,"href":"https:\/\/www.octel.fr\/wp\/wp-json\/wp\/v2\/pages\/260\/revisions"}],"predecessor-version":[{"id":949,"href":"https:\/\/www.octel.fr\/wp\/wp-json\/wp\/v2\/pages\/260\/revisions\/949"}],"wp:featuredmedia":[{"embeddable":true,"href":"https:\/\/www.octel.fr\/wp\/wp-json\/wp\/v2\/media\/410"}],"wp:attachment":[{"href":"https:\/\/www.octel.fr\/wp\/wp-json\/wp\/v2\/media?parent=260"}],"curies":[{"name":"wp","href":"https:\/\/api.w.org\/{rel}","templated":true}]}}